{"id":971,"date":"2023-10-31T16:23:30","date_gmt":"2023-10-31T16:23:30","guid":{"rendered":"https:\/\/smartcampus.maua.br\/?page_id=971"},"modified":"2023-11-06T12:23:36","modified_gmt":"2023-11-06T12:23:36","slug":"outros-projetos","status":"publish","type":"page","link":"https:\/\/smartcampus.maua.br\/?page_id=971","title":{"rendered":"Outros Projetos"},"content":{"rendered":"\t\t<div data-elementor-type=\"wp-page\" data-elementor-id=\"971\" class=\"elementor elementor-971\">\n\t\t\t\t\t\t<section class=\"elementor-section elementor-top-section elementor-element elementor-element-7761cca3 elementor-section-full_width elementor-section-height-default elementor-section-height-default\" data-id=\"7761cca3\" data-element_type=\"section\" data-settings=\"{&quot;background_background&quot;:&quot;classic&quot;}\">\n\t\t\t\t\t\t<div class=\"elementor-container elementor-column-gap-default\">\n\t\t\t\t\t<div class=\"elementor-column elementor-col-100 elementor-top-column elementor-element elementor-element-3ace0bbd\" data-id=\"3ace0bbd\" data-element_type=\"column\" data-settings=\"{&quot;background_background&quot;:&quot;classic&quot;}\">\n\t\t\t<div class=\"elementor-widget-wrap elementor-element-populated\">\n\t\t\t\t\t<div class=\"elementor-background-overlay\"><\/div>\n\t\t\t\t\t\t<div class=\"elementor-element elementor-element-17caa8c4 elementor-widget elementor-widget-spacer\" data-id=\"17caa8c4\" data-element_type=\"widget\" data-widget_type=\"spacer.default\">\n\t\t\t\t<div class=\"elementor-widget-container\">\n\t\t\t\t\t\t\t<div class=\"elementor-spacer\">\n\t\t\t<div class=\"elementor-spacer-inner\"><\/div>\n\t\t<\/div>\n\t\t\t\t\t\t<\/div>\n\t\t\t\t<\/div>\n\t\t\t\t<div class=\"elementor-element elementor-element-161db466 elementor-widget elementor-widget-heading\" data-id=\"161db466\" data-element_type=\"widget\" data-widget_type=\"heading.default\">\n\t\t\t\t<div class=\"elementor-widget-container\">\n\t\t\t\t\t<h2 class=\"elementor-heading-title elementor-size-default\">Outros Projetos<\/h2>\t\t\t\t<\/div>\n\t\t\t\t<\/div>\n\t\t\t\t<div class=\"elementor-element elementor-element-6315a377 elementor-widget elementor-widget-spacer\" data-id=\"6315a377\" data-element_type=\"widget\" data-widget_type=\"spacer.default\">\n\t\t\t\t<div class=\"elementor-widget-container\">\n\t\t\t\t\t\t\t<div class=\"elementor-spacer\">\n\t\t\t<div class=\"elementor-spacer-inner\"><\/div>\n\t\t<\/div>\n\t\t\t\t\t\t<\/div>\n\t\t\t\t<\/div>\n\t\t\t\t\t<\/div>\n\t\t<\/div>\n\t\t\t\t\t<\/div>\n\t\t<\/section>\n\t\t<div class=\"elementor-element elementor-element-47c58a2 e-flex e-con-boxed e-con e-parent\" data-id=\"47c58a2\" data-element_type=\"container\">\n\t\t\t\t\t<div class=\"e-con-inner\">\n\t\t\t\t<div class=\"elementor-element elementor-element-40ac9bf elementor-widget elementor-widget-text-editor\" data-id=\"40ac9bf\" data-element_type=\"widget\" data-widget_type=\"text-editor.default\">\n\t\t\t\t<div class=\"elementor-widget-container\">\n\t\t\t\t\t\t\t\t\t<h3><strong><em>Trabalhos de TCC<\/em><\/strong><\/h3><ul><li><a href=\"https:\/\/github.com\/SmartCampusMaua\/assets\/raw\/cd0e26380500d12354b51d9d39b62c878be14e5b\/PDF\/Intelig%C3%AAncia-Artificial-Aplicada-em-IoT-2017.pdf\">TCC_2017-Intelige\u0302ncia Artificial Aplicada em IOT (clique aqui)<\/a><\/li><li><a href=\"https:\/\/raw.githubusercontent.com\/SmartCampusMaua\/assets\/0b9a1772f50b765ae590660e8fbf394cef521ea6\/Docs\/TCC-2018_AnaliseDeViabilidadeDeUmSistemaDeMonitoramentoDaEficienciaDeU.pdf\">TCC_2018-An\u00e1lise De Viabilidade De Um Sistema De Monitoramento Da Efici\u00eancia De Um Condicionador De Ar Do Tipo Split Utilizando A Tecnologia LoRa (Clique Aqui)<\/a><\/li><li><a href=\"https:\/\/raw.githubusercontent.com\/SmartCampusMaua\/assets\/0b9a1772f50b765ae590660e8fbf394cef521ea6\/Docs\/TCC-2018_Determina%C3%A7%C3%A3oDeGasolinaAdulteradaPorMeioDeUmSensorCapacitivo.pdf\">TCC_2018-Determina\u00e7\u00e3o De Gasolina Adulterada Por Meio De Um Sensor Capacitivo (Clique Aqui)<\/a><\/li><li><a href=\"https:\/\/raw.githubusercontent.com\/SmartCampusMaua\/assets\/0b9a1772f50b765ae590660e8fbf394cef521ea6\/Docs\/TCC-2018_EstudoDeUmAlgoritimoParaDeterminacaoDoPontoOtimoDeOperacaoEmMaquinasEEquipamentos.pdf\">TCC_2018-Estudo De Um Algor\u00cdtmo Para Determina\u00e7\u00e3o Do Ponto \u00d3timo De Opera\u00e7\u00e3o Em M\u00e1quinas E Equipamentos (Clique Aqui)<\/a><\/li><li><a href=\"https:\/\/raw.githubusercontent.com\/SmartCampusMaua\/assets\/e7cf077e5d5d480b7e6e29238d5bbdf29a54ccdc\/Docs\/TCC_2018-Estudo-do-comportamento-t%C3%A9rmico-de-uma-argamassa-de-fachada-com-incorpora%C3%A7%C3%A3o-de-material-de-mudan%C3%A7a-de-fase-PCM.pdf\">TCC_2018 \u2013 Estudo do comportamento te\u0301rmico de uma argamassa de fachada com incorporac\u0327a\u0303o de material de mudanc\u0327a de fase (PCM) (Clique Aqui).<\/a><\/li><li><a href=\"https:\/\/raw.githubusercontent.com\/SmartCampusMaua\/assets\/0b9a1772f50b765ae590660e8fbf394cef521ea6\/Docs\/TCC-2018_IogurteSimbioticoParaCaesEGatos.pdf\">TCC_2018-Iogurte Simbi\u00f3tico Para C\u00e3es E Gatos (Clique aqui)<\/a><\/li><li><a href=\"https:\/\/raw.githubusercontent.com\/SmartCampusMaua\/assets\/0b9a1772f50b765ae590660e8fbf394cef521ea6\/Docs\/TCC-2018_LuzDeEmergenciaSmart.pdf\">TCC_2018-Luz De Emerg\u00eancia\u00a0<em>Smart\u00a0<\/em>(Clique Aqui)<\/a><\/li><li><a href=\"https:\/\/raw.githubusercontent.com\/SmartCampusMaua\/assets\/0b9a1772f50b765ae590660e8fbf394cef521ea6\/Docs\/TCC_2018-Silence-Pulseiras-Assistivas.pdf\">TCC_2018 \u2013 Silence: Pulseiras Assistivas<\/a><\/li><li><a href=\"https:\/\/raw.githubusercontent.com\/SmartCampusMaua\/assets\/0b9a1772f50b765ae590660e8fbf394cef521ea6\/Docs\/TCC-2019_BabyIoTMonitoramentoDoBemEstarDeRecEmNascidos.pdf\">TCC_2019-<em>Baby IoT<\/em>\u00a0\u2013 Monitoramento Do Bem-Estar De Rec\u00e9m-Nascidos (Clique Aqui)<\/a><\/li><li><a href=\"https:\/\/raw.githubusercontent.com\/SmartCampusMaua\/assets\/0b9a1772f50b765ae590660e8fbf394cef521ea6\/Docs\/IoT-Aplicacada-a-Energia-Renovavel-revL.pdf\">TCC_2019-IoT Aplicacada a Energia Renov\u00e1vel (Clique Aqui)<\/a><\/li><li><a href=\"https:\/\/raw.githubusercontent.com\/SmartCampusMaua\/assets\/0b9a1772f50b765ae590660e8fbf394cef521ea6\/Docs\/Entrega-final-TCC-CVN-14-V_FINAL.pdf\">TCC_2020-\u00a0Uso Racional da \u00c1gua \u2013 Aplica\u00e7\u00e3o de IoT na Medi\u00e7\u00e3o da \u00c1gua (Clique Aqui)<\/a><\/li><li><a href=\"https:\/\/raw.githubusercontent.com\/SmartCampusMaua\/assets\/e7cf077e5d5d480b7e6e29238d5bbdf29a54ccdc\/Docs\/TCC_2021-Monitoramento-IoT-para-ventila%C3%A7%C3%A3o-mec%C3%A2nica-pulmonar-utilizando-bolsa-autoinfl%C3%A1vel.pdf\">TCC_2021 \u2013 Monitoramento IoT para Ventila\u00e7\u00e3o Mec\u00e2nica Pulmonar Utilizando Bolsa Autoinfl\u00e1vel (Clique Aqui)<\/a><\/li><li><a href=\"https:\/\/raw.githubusercontent.com\/SmartCampusMaua\/assets\/0b9a1772f50b765ae590660e8fbf394cef521ea6\/Docs\/TCC_GEMEOS_2021.pdf\">TCC_2021- G\u00eameos Digitais: A Integra\u00e7\u00e3o do BIM e do IoT no Smart Campus do Instituto Mau\u00e1 de Tecnologia(Clique Aqui)<\/a><\/li><li><a href=\"https:\/\/raw.githubusercontent.com\/SmartCampusMaua\/assets\/e7cf077e5d5d480b7e6e29238d5bbdf29a54ccdc\/Docs\/TCC_2022-Aplicativo-de-Navega%C3%A7%C3%A3o-e-telemetria-para-o-HPA-usando-IoT.pdf\">TCC_2022 \u2013 Aplicativo de Navegac\u0327a\u0303o e telemetria para o HPA usando IoT (Clique Aqui)<\/a><\/li><li><a href=\"https:\/\/raw.githubusercontent.com\/SmartCampusMaua\/assets\/e7cf077e5d5d480b7e6e29238d5bbdf29a54ccdc\/Docs\/TCC_2022-Epilepsia-e-seus-sintomas-Como-o-design-pode-trazer-maior-bem-estar-f%C3%ADsico-emocional-e-social.pdf\">TCC_2022 \u2013 Epilepsia e seus sintoma: Como o design pode trazer maior bem-estar fi\u0301sico emocional e social (Clique Aqui)<\/a><\/li><li><a href=\"https:\/\/raw.githubusercontent.com\/SmartCampusMaua\/assets\/0b9a1772f50b765ae590660e8fbf394cef521ea6\/Docs\/OncaSat_v1.14.pdf\">TCC_2022-ONC\u0327ASAT \u2013 Cubesat para monitoramentO (Clique Aqui)<\/a><\/li><\/ul><div id=\"gtx-trans\" style=\"position: absolute; left: 67px; top: -2px;\"><div class=\"gtx-trans-icon\">\u00a0<\/div><\/div>\t\t\t\t\t\t\t\t<\/div>\n\t\t\t\t<\/div>\n\t\t\t\t\t<\/div>\n\t\t\t\t<\/div>\n\t\t<div class=\"elementor-element elementor-element-a37f030 e-flex e-con-boxed e-con e-parent\" data-id=\"a37f030\" data-element_type=\"container\">\n\t\t\t\t\t<div class=\"e-con-inner\">\n\t\t\t\t<div class=\"elementor-element elementor-element-38316ab elementor-widget elementor-widget-text-editor\" data-id=\"38316ab\" data-element_type=\"widget\" id=\"IniciacaoCientifica\" data-widget_type=\"text-editor.default\">\n\t\t\t\t<div class=\"elementor-widget-container\">\n\t\t\t\t\t\t\t\t\t<h3><strong><em>Trabalhos de Inicia\u00e7\u00e3o Cient\u00edfica<\/em><\/strong><\/h3><ul><li><a href=\"https:\/\/raw.githubusercontent.com\/SmartCampusMaua\/assets\/0b9a1772f50b765ae590660e8fbf394cef521ea6\/Docs\/EA09-RogerioCassaresPires_V0.4-13_04_19-Final.pdf\">Monografia Engenharia Automotiva 2019 \u2013 Estudo de Viabilidade para Desenvolvimento de Aplica\u00e7\u00f5es Automotivas em<br \/>Nuvem (Clique Aqui)<\/a><\/li><li><a href=\"https:\/\/raw.githubusercontent.com\/SmartCampusMaua\/assets\/0b9a1772f50b765ae590660e8fbf394cef521ea6\/Docs\/Documenta%C3%A7%C3%A3o_Sensor_para_N%C3%ADvel_de_Rio.pdf\">CP-DET-2020 \u2013 Sensor de N\u00edvel de Rio (Clique Aqui)<\/a><\/li><li><a href=\"https:\/\/raw.githubusercontent.com\/SmartCampusMaua\/assets\/0b9a1772f50b765ae590660e8fbf394cef521ea6\/Docs\/Contieri-Coelho.pdf\">IC_2021- Estudo da Automa\u00e7\u00e3o de Sistema de Irriga\u00e7\u00e3o Utilizando Redes Neurais Artificiais Embarcada em Aplica\u00e7\u00e3o de Internet das Coisas (Clique Aqui)<\/a><\/li><li><a href=\"https:\/\/raw.githubusercontent.com\/SmartCampusMaua\/assets\/0b9a1772f50b765ae590660e8fbf394cef521ea6\/Docs\/Pedro-Daniel.pdf\">IC_2021- Monitoramento do Crescimento de Planta\u00e7\u00e3o por Processamento de Imagens \u2013 Uma Aplica\u00e7\u00e3o Integrada ao Smart Campus e \u00e0 Horta Atomatizada do IMT (Clique Aqui)<\/a><\/li><li><a href=\"https:\/\/raw.githubusercontent.com\/SmartCampusMaua\/assets\/e7cf077e5d5d480b7e6e29238d5bbdf29a54ccdc\/Docs\/IC_2021-DESENVOLVIMENTO-DE-SENSOR-DE-UMIDADE-PARA-AGRICULTURA-DE-PRECIS%C3%83O.pdf\">IC_2021 \u2013 Desenvolvimento de Sensor de Umidade para Agricultura de Precis\u00e3o (Clique Aqui)<\/a><\/li><li><a href=\"https:\/\/raw.githubusercontent.com\/SmartCampusMaua\/assets\/0b9a1772f50b765ae590660e8fbf394cef521ea6\/Docs\/IC_2022-ALGORITMO-INTELIGENTE-PARA-HORTA-AUTOMATIZADA.pdf\">IC_2022 \u2013 Algor\u00edtmo Inteligente para Horta Automatizada (Clique Aqui)<\/a><\/li><li><a href=\"https:\/\/raw.githubusercontent.com\/SmartCampusMaua\/assets\/e7cf077e5d5d480b7e6e29238d5bbdf29a54ccdc\/Docs\/Desenvolvimento_de_Hardware_Eletr%C3%B4nico_Aplicado_a_IoT_Utilizando_Tecnologia_NarrowBand_01_00.pdf\">IC_2022 \u2013 Desenvolvimento de Hardware para Caixa de Transplante de \u00d3rg\u00e3os Inteligente com Internet das Coisas (Clique Aqui)<\/a><\/li><li><a href=\"https:\/\/raw.githubusercontent.com\/SmartCampusMaua\/assets\/e7cf077e5d5d480b7e6e29238d5bbdf29a54ccdc\/Docs\/IC_2022-DESENVOLVIMENTO-DE-LABORAT%C3%93RIO-REMOTO-NA-%C3%81REA-DE-CONTROLE-INTEGRADO-AO-SMART-CAMPUS.pdf\">IC_2022 \u2013 Desenvolvimento de Laborat\u00f3rio Remoto na \u00c1rea de Controle Integrado ao Smart Campus (Clique Aqui)<\/a><\/li><li><a href=\"https:\/\/raw.githubusercontent.com\/SmartCampusMaua\/assets\/e7cf077e5d5d480b7e6e29238d5bbdf29a54ccdc\/Docs\/IC_2022-SISTEMA-DE-GERA%C3%87%C3%83O-DE-ENERGIA-FOVOLTAICA-PARA-HORTA-AUTOMATIZADA.pdf\">IC_2022 \u2013 Sistema de Gera\u00e7\u00e3o de Energia Fotovoltaica para Horta Automatizada (Clique Aqui)<\/a><\/li><\/ul>\t\t\t\t\t\t\t\t<\/div>\n\t\t\t\t<\/div>\n\t\t\t\t<div class=\"elementor-element elementor-element-49e1e97 elementor-widget elementor-widget-spacer\" data-id=\"49e1e97\" data-element_type=\"widget\" data-widget_type=\"spacer.default\">\n\t\t\t\t<div class=\"elementor-widget-container\">\n\t\t\t\t\t\t\t<div class=\"elementor-spacer\">\n\t\t\t<div class=\"elementor-spacer-inner\"><\/div>\n\t\t<\/div>\n\t\t\t\t\t\t<\/div>\n\t\t\t\t<\/div>\n\t\t\t\t\t<\/div>\n\t\t\t\t<\/div>\n\t\t<div class=\"elementor-element elementor-element-f53a6cf elementor-hidden-desktop elementor-hidden-tablet elementor-hidden-mobile e-flex e-con-boxed e-con e-parent\" data-id=\"f53a6cf\" data-element_type=\"container\">\n\t\t\t\t\t<div class=\"e-con-inner\">\n\t\t\t\t<div class=\"elementor-element elementor-element-3433c87 elementor-widget elementor-widget-heading\" data-id=\"3433c87\" data-element_type=\"widget\" data-widget_type=\"heading.default\">\n\t\t\t\t<div class=\"elementor-widget-container\">\n\t\t\t\t\t<h2 class=\"elementor-heading-title elementor-size-default\">\/?page_id=971#IniciacaoCientifica<\/h2>\t\t\t\t<\/div>\n\t\t\t\t<\/div>\n\t\t\t\t\t<\/div>\n\t\t\t\t<\/div>\n\t\t\t\t<\/div>\n\t\t","protected":false},"excerpt":{"rendered":"<p>Outros Projetos Trabalhos de TCC TCC_2017-Intelige\u0302ncia Artificial Aplicada em IOT (clique aqui) TCC_2018-An\u00e1lise De Viabilidade De Um Sistema De Monitoramento Da Efici\u00eancia De Um Condicionador De Ar Do Tipo Split Utilizando A Tecnologia LoRa (Clique Aqui) TCC_2018-Determina\u00e7\u00e3o De Gasolina Adulterada Por Meio De Um Sensor Capacitivo (Clique Aqui) TCC_2018-Estudo De Um Algor\u00cdtmo Para Determina\u00e7\u00e3o Do [&hellip;]<\/p>\n","protected":false},"author":1,"featured_media":0,"parent":0,"menu_order":0,"comment_status":"closed","ping_status":"closed","template":"","meta":{"site-sidebar-layout":"no-sidebar","site-content-layout":"","ast-site-content-layout":"full-width-container","site-content-style":"default","site-sidebar-style":"default","ast-global-header-display":"","ast-banner-title-visibility":"","ast-main-header-display":"","ast-hfb-above-header-display":"","ast-hfb-below-header-display":"","ast-hfb-mobile-header-display":"","site-post-title":"disabled","ast-breadcrumbs-content":"","ast-featured-img":"disabled","footer-sml-layout":"","theme-transparent-header-meta":"","adv-header-id-meta":"","stick-header-meta":"","header-above-stick-meta":"","header-main-stick-meta":"","header-below-stick-meta":"","astra-migrate-meta-layouts":"default","ast-page-background-enabled":"default","ast-page-background-meta":{"desktop":{"background-color":"var(--ast-global-color-4)","background-image":"","background-repeat":"repeat","background-position":"center center","background-size":"auto","background-attachment":"scroll","background-type":"","background-media":"","overlay-type":"","overlay-color":"","overlay-opacity":"","overlay-gradient":""},"tablet":{"background-color":"","background-image":"","background-repeat":"repeat","background-position":"center center","background-size":"auto","background-attachment":"scroll","background-type":"","background-media":"","overlay-type":"","overlay-color":"","overlay-opacity":"","overlay-gradient":""},"mobile":{"background-color":"","background-image":"","background-repeat":"repeat","background-position":"center center","background-size":"auto","background-attachment":"scroll","background-type":"","background-media":"","overlay-type":"","overlay-color":"","overlay-opacity":"","overlay-gradient":""}},"ast-content-background-meta":{"desktop":{"background-color":"var(--ast-global-color-5)","background-image":"","background-repeat":"repeat","background-position":"center center","background-size":"auto","background-attachment":"scroll","background-type":"","background-media":"","overlay-type":"","overlay-color":"","overlay-opacity":"","overlay-gradient":""},"tablet":{"background-color":"var(--ast-global-color-5)","background-image":"","background-repeat":"repeat","background-position":"center center","background-size":"auto","background-attachment":"scroll","background-type":"","background-media":"","overlay-type":"","overlay-color":"","overlay-opacity":"","overlay-gradient":""},"mobile":{"background-color":"var(--ast-global-color-5)","background-image":"","background-repeat":"repeat","background-position":"center center","background-size":"auto","background-attachment":"scroll","background-type":"","background-media":"","overlay-type":"","overlay-color":"","overlay-opacity":"","overlay-gradient":""}},"footnotes":""},"class_list":["post-971","page","type-page","status-publish","hentry"],"aioseo_notices":[],"_links":{"self":[{"href":"https:\/\/smartcampus.maua.br\/index.php?rest_route=\/wp\/v2\/pages\/971","targetHints":{"allow":["GET"]}}],"collection":[{"href":"https:\/\/smartcampus.maua.br\/index.php?rest_route=\/wp\/v2\/pages"}],"about":[{"href":"https:\/\/smartcampus.maua.br\/index.php?rest_route=\/wp\/v2\/types\/page"}],"author":[{"embeddable":true,"href":"https:\/\/smartcampus.maua.br\/index.php?rest_route=\/wp\/v2\/users\/1"}],"replies":[{"embeddable":true,"href":"https:\/\/smartcampus.maua.br\/index.php?rest_route=%2Fwp%2Fv2%2Fcomments&post=971"}],"version-history":[{"count":76,"href":"https:\/\/smartcampus.maua.br\/index.php?rest_route=\/wp\/v2\/pages\/971\/revisions"}],"predecessor-version":[{"id":1472,"href":"https:\/\/smartcampus.maua.br\/index.php?rest_route=\/wp\/v2\/pages\/971\/revisions\/1472"}],"wp:attachment":[{"href":"https:\/\/smartcampus.maua.br\/index.php?rest_route=%2Fwp%2Fv2%2Fmedia&parent=971"}],"curies":[{"name":"wp","href":"https:\/\/api.w.org\/{rel}","templated":true}]}}