{"id":33,"date":"2023-10-27T11:37:50","date_gmt":"2023-10-27T11:37:50","guid":{"rendered":"https:\/\/smartcampus-dev.maua.br\/?page_id=33"},"modified":"2025-09-24T21:15:10","modified_gmt":"2025-09-24T21:15:10","slug":"hardware","status":"publish","type":"page","link":"https:\/\/smartcampus.maua.br\/?page_id=33","title":{"rendered":"Hardware"},"content":{"rendered":"\t\t<div data-elementor-type=\"wp-page\" data-elementor-id=\"33\" class=\"elementor elementor-33\">\n\t\t\t\t\t\t<section class=\"elementor-section elementor-top-section elementor-element elementor-element-ec37038 elementor-section-full_width elementor-section-height-default elementor-section-height-default\" data-id=\"ec37038\" data-element_type=\"section\" data-settings=\"{&quot;background_background&quot;:&quot;classic&quot;}\">\n\t\t\t\t\t\t<div class=\"elementor-container elementor-column-gap-default\">\n\t\t\t\t\t<div class=\"elementor-column elementor-col-100 elementor-top-column elementor-element elementor-element-22a0661b\" data-id=\"22a0661b\" data-element_type=\"column\" data-settings=\"{&quot;background_background&quot;:&quot;classic&quot;}\">\n\t\t\t<div class=\"elementor-widget-wrap elementor-element-populated\">\n\t\t\t\t\t<div class=\"elementor-background-overlay\"><\/div>\n\t\t\t\t\t\t<div class=\"elementor-element elementor-element-643cf79 elementor-widget elementor-widget-spacer\" data-id=\"643cf79\" data-element_type=\"widget\" data-widget_type=\"spacer.default\">\n\t\t\t\t<div class=\"elementor-widget-container\">\n\t\t\t\t\t\t\t<div class=\"elementor-spacer\">\n\t\t\t<div class=\"elementor-spacer-inner\"><\/div>\n\t\t<\/div>\n\t\t\t\t\t\t<\/div>\n\t\t\t\t<\/div>\n\t\t\t\t<div class=\"elementor-element elementor-element-6419beca elementor-widget elementor-widget-heading\" data-id=\"6419beca\" data-element_type=\"widget\" data-widget_type=\"heading.default\">\n\t\t\t\t<div class=\"elementor-widget-container\">\n\t\t\t\t\t<h2 class=\"elementor-heading-title elementor-size-default\">HARDWARES<\/h2>\t\t\t\t<\/div>\n\t\t\t\t<\/div>\n\t\t\t\t<div class=\"elementor-element elementor-element-12c12501 elementor-widget elementor-widget-spacer\" data-id=\"12c12501\" data-element_type=\"widget\" data-widget_type=\"spacer.default\">\n\t\t\t\t<div class=\"elementor-widget-container\">\n\t\t\t\t\t\t\t<div class=\"elementor-spacer\">\n\t\t\t<div class=\"elementor-spacer-inner\"><\/div>\n\t\t<\/div>\n\t\t\t\t\t\t<\/div>\n\t\t\t\t<\/div>\n\t\t\t\t\t<\/div>\n\t\t<\/div>\n\t\t\t\t\t<\/div>\n\t\t<\/section>\n\t\t\t\t<section class=\"elementor-section elementor-top-section elementor-element elementor-element-54093c10 elementor-section-boxed elementor-section-height-default elementor-section-height-default\" data-id=\"54093c10\" data-element_type=\"section\">\n\t\t\t\t\t\t<div class=\"elementor-container elementor-column-gap-default\">\n\t\t\t\t\t<div class=\"elementor-column elementor-col-50 elementor-top-column elementor-element elementor-element-31e03015\" data-id=\"31e03015\" data-element_type=\"column\">\n\t\t\t<div class=\"elementor-widget-wrap elementor-element-populated\">\n\t\t\t\t\t\t<div class=\"elementor-element elementor-element-700a4283 elementor-widget elementor-widget-spacer\" data-id=\"700a4283\" data-element_type=\"widget\" data-widget_type=\"spacer.default\">\n\t\t\t\t<div class=\"elementor-widget-container\">\n\t\t\t\t\t\t\t<div class=\"elementor-spacer\">\n\t\t\t<div class=\"elementor-spacer-inner\"><\/div>\n\t\t<\/div>\n\t\t\t\t\t\t<\/div>\n\t\t\t\t<\/div>\n\t\t\t\t<div class=\"elementor-element elementor-element-7ddbfdc4 elementor-widget elementor-widget-heading\" data-id=\"7ddbfdc4\" data-element_type=\"widget\" data-widget_type=\"heading.default\">\n\t\t\t\t<div class=\"elementor-widget-container\">\n\t\t\t\t\t<h2 class=\"elementor-heading-title elementor-size-default\">Projeto de end-nodes Open Source\u200b<\/h2>\t\t\t\t<\/div>\n\t\t\t\t<\/div>\n\t\t\t\t<div class=\"elementor-element elementor-element-7b089db elementor-widget elementor-widget-text-editor\" data-id=\"7b089db\" data-element_type=\"widget\" data-widget_type=\"text-editor.default\">\n\t\t\t\t<div class=\"elementor-widget-container\">\n\t\t\t\t\t\t\t\t\t<p>M\u00f3dulos ou end-nodes s\u00e3o os elementos b\u00e1sicos que coletam e transmitem as informa\u00e7\u00f5es dos sensores: temperatura, press\u00e3o, vaz\u00e3o, aceler\u00f4metros, GPS, entre outros.<br \/>A multiplataforma Smart Campus fornece os diagramas el\u00e9tricos, c\u00f3digos fonte em C, listagem de componentes e protocolos de comunica\u00e7\u00e3o dispon\u00edveis aos alunos dos cursos de P\u00f3s-Gradua\u00e7\u00e3o, Gradua\u00e7\u00e3o e Ensino M\u00e9dio -T\u00e9cnico que desejam fazer parte do Smart Campus Mau\u00e1.<\/p>\t\t\t\t\t\t\t\t<\/div>\n\t\t\t\t<\/div>\n\t\t\t\t<div class=\"elementor-element elementor-element-7d54e096 elementor-widget elementor-widget-heading\" data-id=\"7d54e096\" data-element_type=\"widget\" data-widget_type=\"heading.default\">\n\t\t\t\t<div class=\"elementor-widget-container\">\n\t\t\t\t\t<h3 class=\"elementor-heading-title elementor-size-default\">Caracter\u00edsticas do End-node\n<\/h3>\t\t\t\t<\/div>\n\t\t\t\t<\/div>\n\t\t\t\t\t<\/div>\n\t\t<\/div>\n\t\t\t\t<div class=\"elementor-column elementor-col-50 elementor-top-column elementor-element elementor-element-3b837d1e\" data-id=\"3b837d1e\" data-element_type=\"column\">\n\t\t\t<div class=\"elementor-widget-wrap elementor-element-populated\">\n\t\t\t\t\t\t<div class=\"elementor-element elementor-element-28ed5e68 elementor-widget elementor-widget-image\" data-id=\"28ed5e68\" data-element_type=\"widget\" data-widget_type=\"image.default\">\n\t\t\t\t<div class=\"elementor-widget-container\">\n\t\t\t\t\t\t\t\t\t\t\t\t\t\t\t<img decoding=\"async\" src=\"https:\/\/github.com\/SmartCampusMaua\/assets\/blob\/main\/Imagem\/hardwarenode-1.png?raw=true\" title=\"\" alt=\"\" loading=\"lazy\" \/>\t\t\t\t\t\t\t\t\t\t\t\t\t\t\t<\/div>\n\t\t\t\t<\/div>\n\t\t\t\t\t<\/div>\n\t\t<\/div>\n\t\t\t\t\t<\/div>\n\t\t<\/section>\n\t\t\t\t<section class=\"elementor-section elementor-top-section elementor-element elementor-element-7f65ee71 elementor-section-boxed elementor-section-height-default elementor-section-height-default\" data-id=\"7f65ee71\" data-element_type=\"section\">\n\t\t\t\t\t\t<div class=\"elementor-container elementor-column-gap-default\">\n\t\t\t\t\t<div class=\"elementor-column elementor-col-100 elementor-top-column elementor-element elementor-element-77e98b2d\" data-id=\"77e98b2d\" data-element_type=\"column\">\n\t\t\t<div class=\"elementor-widget-wrap elementor-element-populated\">\n\t\t\t\t\t\t<div class=\"elementor-element elementor-element-449321e5 elementor-widget elementor-widget-text-editor\" data-id=\"449321e5\" data-element_type=\"widget\" data-widget_type=\"text-editor.default\">\n\t\t\t\t<div class=\"elementor-widget-container\">\n\t\t\t\t\t\t\t\t\t<p>O&nbsp;<em>Smart<\/em>&nbsp;<em>Campus<\/em>&nbsp;desenvolveu o pr\u00f3prio&nbsp;<em>end-node<\/em>&nbsp;com grande foco na economia de bateria e versatilidade.&nbsp;<span style=\"font-style: inherit; font-weight: inherit;\">Seu consumo \u00e9 de 5&nbsp;<\/span><em style=\"font-weight: inherit;\">micro Amp\u00e8res<\/em><span style=\"font-style: inherit; font-weight: inherit;\">&nbsp;em deep-sleep, garantindo uma longa vida \u00fatil \u00e0 bateria. Ao entrar em funcionamento consome por volta de 14&nbsp;<\/span><em style=\"font-weight: inherit;\">mili Amp\u00e8res<\/em><span style=\"font-style: inherit; font-weight: inherit;\">; ao transmitir via r\u00e1dio consome por volta de 100&nbsp;<\/span><em style=\"font-weight: inherit;\">mili Amp\u00e8res<\/em><span style=\"font-style: inherit; font-weight: inherit;\">, por isso se faz t\u00e3o importante ter uma boa metodologia de transmiss\u00e3o.<\/span><\/p>\t\t\t\t\t\t\t\t<\/div>\n\t\t\t\t<\/div>\n\t\t\t\t\t<\/div>\n\t\t<\/div>\n\t\t\t\t\t<\/div>\n\t\t<\/section>\n\t\t\t\t<section class=\"elementor-section elementor-top-section elementor-element elementor-element-490caab7 elementor-section-boxed elementor-section-height-default elementor-section-height-default\" data-id=\"490caab7\" data-element_type=\"section\">\n\t\t\t\t\t\t<div class=\"elementor-container elementor-column-gap-default\">\n\t\t\t\t\t<div class=\"elementor-column elementor-col-100 elementor-top-column elementor-element elementor-element-33eb95ed\" data-id=\"33eb95ed\" data-element_type=\"column\">\n\t\t\t<div class=\"elementor-widget-wrap elementor-element-populated\">\n\t\t\t\t\t\t<div class=\"elementor-element elementor-element-700ba76 elementor-widget elementor-widget-heading\" data-id=\"700ba76\" data-element_type=\"widget\" data-widget_type=\"heading.default\">\n\t\t\t\t<div class=\"elementor-widget-container\">\n\t\t\t\t\t<h3 class=\"elementor-heading-title elementor-size-default\">Detalhamento\n\n<\/h3>\t\t\t\t<\/div>\n\t\t\t\t<\/div>\n\t\t\t\t<section class=\"elementor-section elementor-inner-section elementor-element elementor-element-71d87e14 elementor-section-boxed elementor-section-height-default elementor-section-height-default\" data-id=\"71d87e14\" data-element_type=\"section\">\n\t\t\t\t\t\t<div class=\"elementor-container elementor-column-gap-default\">\n\t\t\t\t\t<div class=\"elementor-column elementor-col-50 elementor-inner-column elementor-element elementor-element-3c0412f5\" data-id=\"3c0412f5\" data-element_type=\"column\">\n\t\t\t<div class=\"elementor-widget-wrap elementor-element-populated\">\n\t\t\t\t\t\t<div class=\"elementor-element elementor-element-36ec35bc elementor-widget elementor-widget-image\" data-id=\"36ec35bc\" data-element_type=\"widget\" data-widget_type=\"image.default\">\n\t\t\t\t<div class=\"elementor-widget-container\">\n\t\t\t\t\t\t\t\t\t\t\t\t\t\t\t<img decoding=\"async\" src=\"https:\/\/github.com\/SmartCampusMaua\/assets\/blob\/main\/Imagem\/hidro.jpg?raw=true\" title=\"\" alt=\"\" loading=\"lazy\" \/>\t\t\t\t\t\t\t\t\t\t\t\t\t\t\t<\/div>\n\t\t\t\t<\/div>\n\t\t\t\t\t<\/div>\n\t\t<\/div>\n\t\t\t\t<div class=\"elementor-column elementor-col-50 elementor-inner-column elementor-element elementor-element-40aa6f7a\" data-id=\"40aa6f7a\" data-element_type=\"column\">\n\t\t\t<div class=\"elementor-widget-wrap elementor-element-populated\">\n\t\t\t\t\t\t<div class=\"elementor-element elementor-element-28eb0545 elementor-widget elementor-widget-text-editor\" data-id=\"28eb0545\" data-element_type=\"widget\" data-widget_type=\"text-editor.default\">\n\t\t\t\t<div class=\"elementor-widget-container\">\n\t\t\t\t\t\t\t\t\t<ul><li>Carregador de bateria Li-\u00edon via cabo micro USB;<\/li><li>LED indicativos de bateria;<\/li><li>LED de uso geral;<\/li><li>Microcontrolador para comunica\u00e7\u00e3o com sensores e outros dispositivos;<\/li><li>M\u00f3dulo LoRa RN2903;<\/li><li>Sa\u00eddas I2C, SPI, UART, I\/O digital e anal\u00f3gico<\/li><li>Chip antenna incluso.<\/li><\/ul>\t\t\t\t\t\t\t\t<\/div>\n\t\t\t\t<\/div>\n\t\t\t\t\t<\/div>\n\t\t<\/div>\n\t\t\t\t\t<\/div>\n\t\t<\/section>\n\t\t\t\t\t<\/div>\n\t\t<\/div>\n\t\t\t\t\t<\/div>\n\t\t<\/section>\n\t\t\t\t<section class=\"elementor-section elementor-top-section elementor-element elementor-element-2d809ef5 elementor-section-boxed elementor-section-height-default elementor-section-height-default\" data-id=\"2d809ef5\" data-element_type=\"section\">\n\t\t\t\t\t\t<div class=\"elementor-container elementor-column-gap-default\">\n\t\t\t\t\t<div class=\"elementor-column elementor-col-100 elementor-top-column elementor-element elementor-element-5b865a3c\" data-id=\"5b865a3c\" data-element_type=\"column\">\n\t\t\t<div class=\"elementor-widget-wrap elementor-element-populated\">\n\t\t\t\t\t\t<div class=\"elementor-element elementor-element-1911e69 elementor-widget elementor-widget-heading\" data-id=\"1911e69\" data-element_type=\"widget\" data-widget_type=\"heading.default\">\n\t\t\t\t<div class=\"elementor-widget-container\">\n\t\t\t\t\t<h3 class=\"elementor-heading-title elementor-size-default\">Apoio ao desenvolvimento\n<\/h3>\t\t\t\t<\/div>\n\t\t\t\t<\/div>\n\t\t\t\t<div class=\"elementor-element elementor-element-3e0fc82b elementor-widget elementor-widget-text-editor\" data-id=\"3e0fc82b\" data-element_type=\"widget\" data-widget_type=\"text-editor.default\">\n\t\t\t\t<div class=\"elementor-widget-container\">\n\t\t\t\t\t\t\t\t\t<p>O Smart Campus Mau\u00e1 oferece suporte aos desenvolvedores das aplica\u00e7\u00f5es para a conex\u00e3o e busca de dados no Network Server, al\u00e9m de propiciar o acesso aos dados armazenados em nuvem, atrav\u00e9s de REST API para dados hist\u00f3ricos armazenados no banco de dados, assim como recebimento online por telemetria via MQTT broker.<\/p>\t\t\t\t\t\t\t\t<\/div>\n\t\t\t\t<\/div>\n\t\t\t\t\t<\/div>\n\t\t<\/div>\n\t\t\t\t\t<\/div>\n\t\t<\/section>\n\t\t\t\t<\/div>\n\t\t","protected":false},"excerpt":{"rendered":"<p>HARDWARES Projeto de end-nodes Open Source\u200b M\u00f3dulos ou end-nodes s\u00e3o os elementos b\u00e1sicos que coletam e transmitem as informa\u00e7\u00f5es dos sensores: temperatura, press\u00e3o, vaz\u00e3o, aceler\u00f4metros, GPS, entre outros.A multiplataforma Smart Campus fornece os diagramas el\u00e9tricos, c\u00f3digos fonte em C, listagem de componentes e protocolos de comunica\u00e7\u00e3o dispon\u00edveis aos alunos dos cursos de P\u00f3s-Gradua\u00e7\u00e3o, Gradua\u00e7\u00e3o e [&hellip;]<\/p>\n","protected":false},"author":1,"featured_media":0,"parent":0,"menu_order":0,"comment_status":"closed","ping_status":"closed","template":"","meta":{"site-sidebar-layout":"no-sidebar","site-content-layout":"","ast-site-content-layout":"full-width-container","site-content-style":"default","site-sidebar-style":"default","ast-global-header-display":"","ast-banner-title-visibility":"","ast-main-header-display":"","ast-hfb-above-header-display":"","ast-hfb-below-header-display":"","ast-hfb-mobile-header-display":"","site-post-title":"disabled","ast-breadcrumbs-content":"","ast-featured-img":"disabled","footer-sml-layout":"","theme-transparent-header-meta":"","adv-header-id-meta":"","stick-header-meta":"","header-above-stick-meta":"","header-main-stick-meta":"","header-below-stick-meta":"","astra-migrate-meta-layouts":"default","ast-page-background-enabled":"default","ast-page-background-meta":{"desktop":{"background-color":"var(--ast-global-color-4)","background-image":"","background-repeat":"repeat","background-position":"center center","background-size":"auto","background-attachment":"scroll","background-type":"","background-media":"","overlay-type":"","overlay-color":"","overlay-opacity":"","overlay-gradient":""},"tablet":{"background-color":"","background-image":"","background-repeat":"repeat","background-position":"center center","background-size":"auto","background-attachment":"scroll","background-type":"","background-media":"","overlay-type":"","overlay-color":"","overlay-opacity":"","overlay-gradient":""},"mobile":{"background-color":"","background-image":"","background-repeat":"repeat","background-position":"center center","background-size":"auto","background-attachment":"scroll","background-type":"","background-media":"","overlay-type":"","overlay-color":"","overlay-opacity":"","overlay-gradient":""}},"ast-content-background-meta":{"desktop":{"background-color":"var(--ast-global-color-5)","background-image":"","background-repeat":"repeat","background-position":"center center","background-size":"auto","background-attachment":"scroll","background-type":"","background-media":"","overlay-type":"","overlay-color":"","overlay-opacity":"","overlay-gradient":""},"tablet":{"background-color":"var(--ast-global-color-5)","background-image":"","background-repeat":"repeat","background-position":"center center","background-size":"auto","background-attachment":"scroll","background-type":"","background-media":"","overlay-type":"","overlay-color":"","overlay-opacity":"","overlay-gradient":""},"mobile":{"background-color":"var(--ast-global-color-5)","background-image":"","background-repeat":"repeat","background-position":"center center","background-size":"auto","background-attachment":"scroll","background-type":"","background-media":"","overlay-type":"","overlay-color":"","overlay-opacity":"","overlay-gradient":""}},"footnotes":""},"class_list":["post-33","page","type-page","status-publish","hentry"],"aioseo_notices":[],"_links":{"self":[{"href":"https:\/\/smartcampus.maua.br\/index.php?rest_route=\/wp\/v2\/pages\/33","targetHints":{"allow":["GET"]}}],"collection":[{"href":"https:\/\/smartcampus.maua.br\/index.php?rest_route=\/wp\/v2\/pages"}],"about":[{"href":"https:\/\/smartcampus.maua.br\/index.php?rest_route=\/wp\/v2\/types\/page"}],"author":[{"embeddable":true,"href":"https:\/\/smartcampus.maua.br\/index.php?rest_route=\/wp\/v2\/users\/1"}],"replies":[{"embeddable":true,"href":"https:\/\/smartcampus.maua.br\/index.php?rest_route=%2Fwp%2Fv2%2Fcomments&post=33"}],"version-history":[{"count":16,"href":"https:\/\/smartcampus.maua.br\/index.php?rest_route=\/wp\/v2\/pages\/33\/revisions"}],"predecessor-version":[{"id":1538,"href":"https:\/\/smartcampus.maua.br\/index.php?rest_route=\/wp\/v2\/pages\/33\/revisions\/1538"}],"wp:attachment":[{"href":"https:\/\/smartcampus.maua.br\/index.php?rest_route=%2Fwp%2Fv2%2Fmedia&parent=33"}],"curies":[{"name":"wp","href":"https:\/\/api.w.org\/{rel}","templated":true}]}}